{"id":5859,"date":"2019-10-29T10:38:15","date_gmt":"2019-10-29T09:38:15","guid":{"rendered":"https:\/\/htstage.kibohost.com\/a-propos-de-nous\/"},"modified":"2022-05-23T13:58:09","modified_gmt":"2022-05-23T11:58:09","slug":"propos-de-nous","status":"publish","type":"page","link":"https:\/\/hollandtyre.eu\/fr\/propos-de-nous\/","title":{"rendered":"\u00c0 propos de nous"},"content":{"rendered":"\n<p>Holland Tyre, le grossiste en pneus et roues. Avec un entrep\u00f4t de 15 000 m\u00b2, nous avons de nombreuses marques et dimensions en stock, ce qui nous permet de garantir une livraison rapide. Nous sommes sp\u00e9cialis\u00e9s dans les secteurs de l&rsquo;agriculture, du&nbsp; g\u00e9nie civile, le gazon et jardin, de l&rsquo;industrie et des ports. Gr\u00e2ce \u00e0 nos connaissances professionnelles et \u00e0 nos longues ann\u00e9es d&rsquo;exp\u00e9rience, nous sommes heureux de contribuer \u00e0 trouver <strong>la meilleure solution en mati\u00e8re de pneumatiques<\/strong>!<\/p>\n","protected":false},"excerpt":{"rendered":"<p>Holland Tyre, le grossiste en pneus et roues. Avec un entrep\u00f4t de 15 000 m\u00b2, nous avons de nombreuses marques et dimensions en stock, ce qui nous permet de garantir une livraison rapide. Nous sommes sp\u00e9cialis\u00e9s dans les secteurs de l&rsquo;agriculture, du&nbsp; g\u00e9nie civile, le gazon et jardin, de l&rsquo;industrie et des ports. Gr\u00e2ce \u00e0 [&hellip;]<\/p>\n","protected":false},"author":1,"featured_media":0,"parent":0,"menu_order":0,"comment_status":"closed","ping_status":"closed","template":"","meta":{"inline_featured_image":false,"footnotes":""},"class_list":["post-5859","page","type-page","status-publish","hentry"],"yoast_head":"<!-- This site is optimized with the Yoast SEO plugin v27.3 - https:\/\/yoast.com\/product\/yoast-seo-wordpress\/ -->\n<title>\u00c0 propos de nous - HollandTyre<\/title>\n<meta name=\"robots\" content=\"index, follow, max-snippet:-1, max-image-preview:large, max-video-preview:-1\" \/>\n<link rel=\"canonical\" href=\"https:\/\/hollandtyre.eu\/fr\/propos-de-nous\/\" \/>\n<meta property=\"og:locale\" content=\"fr_FR\" \/>\n<meta property=\"og:type\" content=\"article\" \/>\n<meta property=\"og:title\" content=\"\u00c0 propos de nous - HollandTyre\" \/>\n<meta property=\"og:description\" content=\"Holland Tyre, le grossiste en pneus et roues. Avec un entrep\u00f4t de 15 000 m\u00b2, nous avons de nombreuses marques et dimensions en stock, ce qui nous permet de garantir une livraison rapide. Nous sommes sp\u00e9cialis\u00e9s dans les secteurs de l&rsquo;agriculture, du&nbsp; g\u00e9nie civile, le gazon et jardin, de l&rsquo;industrie et des ports. Gr\u00e2ce \u00e0 [&hellip;]\" \/>\n<meta property=\"og:url\" content=\"https:\/\/hollandtyre.eu\/fr\/propos-de-nous\/\" \/>\n<meta property=\"og:site_name\" content=\"HollandTyre\" \/>\n<meta property=\"article:modified_time\" content=\"2022-05-23T11:58:09+00:00\" \/>\n<meta name=\"twitter:card\" content=\"summary_large_image\" \/>\n<script type=\"application\/ld+json\" class=\"yoast-schema-graph\">{\"@context\":\"https:\\\/\\\/schema.org\",\"@graph\":[{\"@type\":\"WebPage\",\"@id\":\"https:\\\/\\\/hollandtyre.eu\\\/fr\\\/propos-de-nous\\\/\",\"url\":\"https:\\\/\\\/hollandtyre.eu\\\/fr\\\/propos-de-nous\\\/\",\"name\":\"\u00c0 propos de nous - HollandTyre\",\"isPartOf\":{\"@id\":\"https:\\\/\\\/hollandtyre.eu\\\/fr\\\/#website\"},\"datePublished\":\"2019-10-29T09:38:15+00:00\",\"dateModified\":\"2022-05-23T11:58:09+00:00\",\"breadcrumb\":{\"@id\":\"https:\\\/\\\/hollandtyre.eu\\\/fr\\\/propos-de-nous\\\/#breadcrumb\"},\"inLanguage\":\"fr-FR\",\"potentialAction\":[{\"@type\":\"ReadAction\",\"target\":[\"https:\\\/\\\/hollandtyre.eu\\\/fr\\\/propos-de-nous\\\/\"]}]},{\"@type\":\"BreadcrumbList\",\"@id\":\"https:\\\/\\\/hollandtyre.eu\\\/fr\\\/propos-de-nous\\\/#breadcrumb\",\"itemListElement\":[{\"@type\":\"ListItem\",\"position\":1,\"name\":\"Home\",\"item\":\"https:\\\/\\\/hollandtyre.eu\\\/fr\\\/\"},{\"@type\":\"ListItem\",\"position\":2,\"name\":\"\u00c0 propos de nous\"}]},{\"@type\":\"WebSite\",\"@id\":\"https:\\\/\\\/hollandtyre.eu\\\/fr\\\/#website\",\"url\":\"https:\\\/\\\/hollandtyre.eu\\\/fr\\\/\",\"name\":\"HollandTyre\",\"description\":\"\",\"potentialAction\":[{\"@type\":\"SearchAction\",\"target\":{\"@type\":\"EntryPoint\",\"urlTemplate\":\"https:\\\/\\\/hollandtyre.eu\\\/fr\\\/?s={search_term_string}\"},\"query-input\":{\"@type\":\"PropertyValueSpecification\",\"valueRequired\":true,\"valueName\":\"search_term_string\"}}],\"inLanguage\":\"fr-FR\"}]}<\/script>\n<!-- \/ Yoast SEO plugin. -->","yoast_head_json":{"title":"\u00c0 propos de nous - HollandTyre","robots":{"index":"index","follow":"follow","max-snippet":"max-snippet:-1","max-image-preview":"max-image-preview:large","max-video-preview":"max-video-preview:-1"},"canonical":"https:\/\/hollandtyre.eu\/fr\/propos-de-nous\/","og_locale":"fr_FR","og_type":"article","og_title":"\u00c0 propos de nous - HollandTyre","og_description":"Holland Tyre, le grossiste en pneus et roues. Avec un entrep\u00f4t de 15 000 m\u00b2, nous avons de nombreuses marques et dimensions en stock, ce qui nous permet de garantir une livraison rapide. Nous sommes sp\u00e9cialis\u00e9s dans les secteurs de l&rsquo;agriculture, du&nbsp; g\u00e9nie civile, le gazon et jardin, de l&rsquo;industrie et des ports. Gr\u00e2ce \u00e0 [&hellip;]","og_url":"https:\/\/hollandtyre.eu\/fr\/propos-de-nous\/","og_site_name":"HollandTyre","article_modified_time":"2022-05-23T11:58:09+00:00","twitter_card":"summary_large_image","schema":{"@context":"https:\/\/schema.org","@graph":[{"@type":"WebPage","@id":"https:\/\/hollandtyre.eu\/fr\/propos-de-nous\/","url":"https:\/\/hollandtyre.eu\/fr\/propos-de-nous\/","name":"\u00c0 propos de nous - HollandTyre","isPartOf":{"@id":"https:\/\/hollandtyre.eu\/fr\/#website"},"datePublished":"2019-10-29T09:38:15+00:00","dateModified":"2022-05-23T11:58:09+00:00","breadcrumb":{"@id":"https:\/\/hollandtyre.eu\/fr\/propos-de-nous\/#breadcrumb"},"inLanguage":"fr-FR","potentialAction":[{"@type":"ReadAction","target":["https:\/\/hollandtyre.eu\/fr\/propos-de-nous\/"]}]},{"@type":"BreadcrumbList","@id":"https:\/\/hollandtyre.eu\/fr\/propos-de-nous\/#breadcrumb","itemListElement":[{"@type":"ListItem","position":1,"name":"Home","item":"https:\/\/hollandtyre.eu\/fr\/"},{"@type":"ListItem","position":2,"name":"\u00c0 propos de nous"}]},{"@type":"WebSite","@id":"https:\/\/hollandtyre.eu\/fr\/#website","url":"https:\/\/hollandtyre.eu\/fr\/","name":"HollandTyre","description":"","potentialAction":[{"@type":"SearchAction","target":{"@type":"EntryPoint","urlTemplate":"https:\/\/hollandtyre.eu\/fr\/?s={search_term_string}"},"query-input":{"@type":"PropertyValueSpecification","valueRequired":true,"valueName":"search_term_string"}}],"inLanguage":"fr-FR"}]}},"acf":[],"_links":{"self":[{"href":"https:\/\/hollandtyre.eu\/fr\/wp-json\/wp\/v2\/pages\/5859","targetHints":{"allow":["GET"]}}],"collection":[{"href":"https:\/\/hollandtyre.eu\/fr\/wp-json\/wp\/v2\/pages"}],"about":[{"href":"https:\/\/hollandtyre.eu\/fr\/wp-json\/wp\/v2\/types\/page"}],"author":[{"embeddable":true,"href":"https:\/\/hollandtyre.eu\/fr\/wp-json\/wp\/v2\/users\/1"}],"replies":[{"embeddable":true,"href":"https:\/\/hollandtyre.eu\/fr\/wp-json\/wp\/v2\/comments?post=5859"}],"version-history":[{"count":8,"href":"https:\/\/hollandtyre.eu\/fr\/wp-json\/wp\/v2\/pages\/5859\/revisions"}],"predecessor-version":[{"id":13724,"href":"https:\/\/hollandtyre.eu\/fr\/wp-json\/wp\/v2\/pages\/5859\/revisions\/13724"}],"wp:attachment":[{"href":"https:\/\/hollandtyre.eu\/fr\/wp-json\/wp\/v2\/media?parent=5859"}],"curies":[{"name":"wp","href":"https:\/\/api.w.org\/{rel}","templated":true}]}}