{"id":5838,"date":"2020-12-02T10:38:26","date_gmt":"2020-12-02T09:38:26","guid":{"rendered":"https:\/\/htstage.kibohost.com\/avertissement\/"},"modified":"2021-04-16T14:07:50","modified_gmt":"2021-04-16T12:07:50","slug":"avertissement","status":"publish","type":"page","link":"https:\/\/hollandtyre.eu\/fr\/avertissement\/","title":{"rendered":"Avertissement"},"content":{"rendered":"\n<p>Les conditions de cette clause de non-responsabilit\u00e9 s&rsquo;appliquent \u00e0 ce site Web www.hollandtyre.eu. En visitant ce site Web et \/ ou en utilisant les informations fournies sur ou via ce site Web, vous acceptez l&rsquo;applicabilit\u00e9 de cette clause de non-responsabilit\u00e9. En cas de conflit entre les conditions de produits et services sp\u00e9cifiques command\u00e9s via ce site Web et cette clause de non-responsabilit\u00e9, les conditions de ces produits et services pr\u00e9vaudront.<\/p>\n\n\n\n<h2 class=\"wp-block-heading\">Utilisation du site Holland Tire<\/h2>\n\n\n\n<p>Les informations sur ce site Web sont fournies \u00e0 titre indicatif uniquement. Aucun droit ne peut \u00eatre d\u00e9riv\u00e9 des informations pr\u00e9sentes sur ce site Web. Bien que Holland Tire fasse attention lors de la compilation et de la maintenance de ce site Web et utilise des sources consid\u00e9r\u00e9es comme fiables, il ne peut garantir l&rsquo;exactitude, l&rsquo;exhaustivit\u00e9 et l&rsquo;actualit\u00e9 des informations fournies. Holland Tire ne garantit pas non plus que le site Web fonctionnera parfaitement ou sans interruption. Holland Tire rejette express\u00e9ment toute responsabilit\u00e9 concernant l&rsquo;exactitude, l&rsquo;exhaustivit\u00e9, l&rsquo;actualit\u00e9 des informations fournies et l&rsquo;utilisation (non perturb\u00e9e) de ce site Web.<\/p>\n\n\n\n<h2 class=\"wp-block-heading\">Informations provenant de tiers, produits et services<\/h2>\n\n\n\n<p>Lorsque Holland Tire affiche des liens vers des sites Web de tiers, cela ne signifie pas que les produits ou services propos\u00e9s sur ou via ces sites Web sont recommand\u00e9s par eux. Holland Tire d\u00e9cline toute responsabilit\u00e9 quant au contenu, \u00e0 l&rsquo;utilisation ou \u00e0 la disponibilit\u00e9 des sites Web mentionn\u00e9s ou faisant r\u00e9f\u00e9rence \u00e0 ce site Web. L&rsquo;utilisation de tels liens est \u00e0 vos propres risques. Les informations sur ces sites Web n&rsquo;ont pas \u00e9t\u00e9 \u00e9valu\u00e9es plus avant par Holland Tire pour l&rsquo;exactitude, le caract\u00e8re raisonnable, l&rsquo;actualit\u00e9 ou l&rsquo;exhaustivit\u00e9.<\/p>\n\n\n\n<h2 class=\"wp-block-heading\">Utiliser les informations<\/h2>\n\n\n\n<p>Holland Tire se r\u00e9serve tous les droits de propri\u00e9t\u00e9 intellectuelle et autres droits concernant toutes les informations propos\u00e9es sur ou via ce site Web (y compris tous les textes, \u00e9l\u00e9ments graphiques et logos). Il est interdit de copier, t\u00e9l\u00e9charger ou de quelque mani\u00e8re que ce soit publier, distribuer ou reproduire des informations sur ce site Web sans le consentement \u00e9crit pr\u00e9alable de Holland Tire ou le consentement l\u00e9gitime du titulaire du droit. Vous pouvez imprimer et \/ ou t\u00e9l\u00e9charger des informations sur ce site Web pour votre usage personnel.<\/p>\n\n\n\n<h2 class=\"wp-block-heading\">Changements<\/h2>\n\n\n\n<p>Holland Tire se r\u00e9serve le droit de modifier les informations propos\u00e9es sur ou via ce site Web, y compris le texte de cette clause de non-responsabilit\u00e9, \u00e0 tout moment et sans pr\u00e9avis. Il est recommand\u00e9 de v\u00e9rifier p\u00e9riodiquement si les informations fournies sur ou via ce site Web, y compris le texte de cette clause de non-responsabilit\u00e9, ont \u00e9t\u00e9 modifi\u00e9es.<\/p>\n\n\n\n<h2 class=\"wp-block-heading\">Loi applicable<\/h2>\n\n\n\n<p>La loi n\u00e9erlandaise s&rsquo;applique \u00e0 ce site Web et \u00e0 la clause de non-responsabilit\u00e9. Tous les litiges sur compte de ou en relation avec cette clause de non-responsabilit\u00e9 sera soumis exclusivement \u00e0 l&rsquo;autorit\u00e9 comp\u00e9tente juge aux Pays-Bas.<\/p>\n","protected":false},"excerpt":{"rendered":"<p>Les conditions de cette clause de non-responsabilit\u00e9 s&rsquo;appliquent \u00e0 ce site Web www.hollandtyre.eu. En visitant ce site Web et \/ ou en utilisant les informations fournies sur ou via ce site Web, vous acceptez l&rsquo;applicabilit\u00e9 de cette clause de non-responsabilit\u00e9. En cas de conflit entre les conditions de produits et services sp\u00e9cifiques command\u00e9s via ce [&hellip;]<\/p>\n","protected":false},"author":1,"featured_media":0,"parent":0,"menu_order":0,"comment_status":"closed","ping_status":"closed","template":"","meta":{"inline_featured_image":false,"footnotes":""},"class_list":["post-5838","page","type-page","status-publish","hentry"],"yoast_head":"<!-- This site is optimized with the Yoast SEO plugin v27.3 - https:\/\/yoast.com\/product\/yoast-seo-wordpress\/ -->\n<title>Avertissement - HollandTyre<\/title>\n<meta name=\"robots\" content=\"index, follow, max-snippet:-1, max-image-preview:large, max-video-preview:-1\" \/>\n<link rel=\"canonical\" href=\"https:\/\/hollandtyre.eu\/fr\/avertissement\/\" \/>\n<meta property=\"og:locale\" content=\"fr_FR\" \/>\n<meta property=\"og:type\" content=\"article\" \/>\n<meta property=\"og:title\" content=\"Avertissement - HollandTyre\" \/>\n<meta property=\"og:description\" content=\"Les conditions de cette clause de non-responsabilit\u00e9 s&rsquo;appliquent \u00e0 ce site Web www.hollandtyre.eu. En visitant ce site Web et \/ ou en utilisant les informations fournies sur ou via ce site Web, vous acceptez l&rsquo;applicabilit\u00e9 de cette clause de non-responsabilit\u00e9. En cas de conflit entre les conditions de produits et services sp\u00e9cifiques command\u00e9s via ce [&hellip;]\" \/>\n<meta property=\"og:url\" content=\"https:\/\/hollandtyre.eu\/fr\/avertissement\/\" \/>\n<meta property=\"og:site_name\" content=\"HollandTyre\" \/>\n<meta property=\"article:modified_time\" content=\"2021-04-16T12:07:50+00:00\" \/>\n<meta name=\"twitter:card\" content=\"summary_large_image\" \/>\n<meta name=\"twitter:label1\" content=\"Dur\u00e9e de lecture estim\u00e9e\" \/>\n\t<meta name=\"twitter:data1\" content=\"2 minutes\" \/>\n<script type=\"application\/ld+json\" class=\"yoast-schema-graph\">{\"@context\":\"https:\\\/\\\/schema.org\",\"@graph\":[{\"@type\":\"WebPage\",\"@id\":\"https:\\\/\\\/hollandtyre.eu\\\/fr\\\/avertissement\\\/\",\"url\":\"https:\\\/\\\/hollandtyre.eu\\\/fr\\\/avertissement\\\/\",\"name\":\"Avertissement - HollandTyre\",\"isPartOf\":{\"@id\":\"https:\\\/\\\/hollandtyre.eu\\\/fr\\\/#website\"},\"datePublished\":\"2020-12-02T09:38:26+00:00\",\"dateModified\":\"2021-04-16T12:07:50+00:00\",\"breadcrumb\":{\"@id\":\"https:\\\/\\\/hollandtyre.eu\\\/fr\\\/avertissement\\\/#breadcrumb\"},\"inLanguage\":\"fr-FR\",\"potentialAction\":[{\"@type\":\"ReadAction\",\"target\":[\"https:\\\/\\\/hollandtyre.eu\\\/fr\\\/avertissement\\\/\"]}]},{\"@type\":\"BreadcrumbList\",\"@id\":\"https:\\\/\\\/hollandtyre.eu\\\/fr\\\/avertissement\\\/#breadcrumb\",\"itemListElement\":[{\"@type\":\"ListItem\",\"position\":1,\"name\":\"Home\",\"item\":\"https:\\\/\\\/hollandtyre.eu\\\/fr\\\/\"},{\"@type\":\"ListItem\",\"position\":2,\"name\":\"Avertissement\"}]},{\"@type\":\"WebSite\",\"@id\":\"https:\\\/\\\/hollandtyre.eu\\\/fr\\\/#website\",\"url\":\"https:\\\/\\\/hollandtyre.eu\\\/fr\\\/\",\"name\":\"HollandTyre\",\"description\":\"\",\"potentialAction\":[{\"@type\":\"SearchAction\",\"target\":{\"@type\":\"EntryPoint\",\"urlTemplate\":\"https:\\\/\\\/hollandtyre.eu\\\/fr\\\/?s={search_term_string}\"},\"query-input\":{\"@type\":\"PropertyValueSpecification\",\"valueRequired\":true,\"valueName\":\"search_term_string\"}}],\"inLanguage\":\"fr-FR\"}]}<\/script>\n<!-- \/ Yoast SEO plugin. -->","yoast_head_json":{"title":"Avertissement - HollandTyre","robots":{"index":"index","follow":"follow","max-snippet":"max-snippet:-1","max-image-preview":"max-image-preview:large","max-video-preview":"max-video-preview:-1"},"canonical":"https:\/\/hollandtyre.eu\/fr\/avertissement\/","og_locale":"fr_FR","og_type":"article","og_title":"Avertissement - HollandTyre","og_description":"Les conditions de cette clause de non-responsabilit\u00e9 s&rsquo;appliquent \u00e0 ce site Web www.hollandtyre.eu. En visitant ce site Web et \/ ou en utilisant les informations fournies sur ou via ce site Web, vous acceptez l&rsquo;applicabilit\u00e9 de cette clause de non-responsabilit\u00e9. En cas de conflit entre les conditions de produits et services sp\u00e9cifiques command\u00e9s via ce [&hellip;]","og_url":"https:\/\/hollandtyre.eu\/fr\/avertissement\/","og_site_name":"HollandTyre","article_modified_time":"2021-04-16T12:07:50+00:00","twitter_card":"summary_large_image","twitter_misc":{"Dur\u00e9e de lecture estim\u00e9e":"2 minutes"},"schema":{"@context":"https:\/\/schema.org","@graph":[{"@type":"WebPage","@id":"https:\/\/hollandtyre.eu\/fr\/avertissement\/","url":"https:\/\/hollandtyre.eu\/fr\/avertissement\/","name":"Avertissement - HollandTyre","isPartOf":{"@id":"https:\/\/hollandtyre.eu\/fr\/#website"},"datePublished":"2020-12-02T09:38:26+00:00","dateModified":"2021-04-16T12:07:50+00:00","breadcrumb":{"@id":"https:\/\/hollandtyre.eu\/fr\/avertissement\/#breadcrumb"},"inLanguage":"fr-FR","potentialAction":[{"@type":"ReadAction","target":["https:\/\/hollandtyre.eu\/fr\/avertissement\/"]}]},{"@type":"BreadcrumbList","@id":"https:\/\/hollandtyre.eu\/fr\/avertissement\/#breadcrumb","itemListElement":[{"@type":"ListItem","position":1,"name":"Home","item":"https:\/\/hollandtyre.eu\/fr\/"},{"@type":"ListItem","position":2,"name":"Avertissement"}]},{"@type":"WebSite","@id":"https:\/\/hollandtyre.eu\/fr\/#website","url":"https:\/\/hollandtyre.eu\/fr\/","name":"HollandTyre","description":"","potentialAction":[{"@type":"SearchAction","target":{"@type":"EntryPoint","urlTemplate":"https:\/\/hollandtyre.eu\/fr\/?s={search_term_string}"},"query-input":{"@type":"PropertyValueSpecification","valueRequired":true,"valueName":"search_term_string"}}],"inLanguage":"fr-FR"}]}},"acf":[],"_links":{"self":[{"href":"https:\/\/hollandtyre.eu\/fr\/wp-json\/wp\/v2\/pages\/5838","targetHints":{"allow":["GET"]}}],"collection":[{"href":"https:\/\/hollandtyre.eu\/fr\/wp-json\/wp\/v2\/pages"}],"about":[{"href":"https:\/\/hollandtyre.eu\/fr\/wp-json\/wp\/v2\/types\/page"}],"author":[{"embeddable":true,"href":"https:\/\/hollandtyre.eu\/fr\/wp-json\/wp\/v2\/users\/1"}],"replies":[{"embeddable":true,"href":"https:\/\/hollandtyre.eu\/fr\/wp-json\/wp\/v2\/comments?post=5838"}],"version-history":[{"count":1,"href":"https:\/\/hollandtyre.eu\/fr\/wp-json\/wp\/v2\/pages\/5838\/revisions"}],"predecessor-version":[{"id":6995,"href":"https:\/\/hollandtyre.eu\/fr\/wp-json\/wp\/v2\/pages\/5838\/revisions\/6995"}],"wp:attachment":[{"href":"https:\/\/hollandtyre.eu\/fr\/wp-json\/wp\/v2\/media?parent=5838"}],"curies":[{"name":"wp","href":"https:\/\/api.w.org\/{rel}","templated":true}]}}