{"id":5836,"date":"2020-12-02T10:37:41","date_gmt":"2020-12-02T09:37:41","guid":{"rendered":"https:\/\/htstage.kibohost.com\/termes-et-conditions\/"},"modified":"2021-07-02T09:17:38","modified_gmt":"2021-07-02T07:17:38","slug":"termes-et-conditions","status":"publish","type":"page","link":"https:\/\/hollandtyre.eu\/fr\/termes-et-conditions\/","title":{"rendered":"Termes et conditions"},"content":{"rendered":"\n<p><\/p>\n\n\n\n<h3 class=\"wp-block-heading\">Conditions g\u00e9n\u00e9rales de l\u2019association VACO march\u00e9 professionnel<\/h3>\n\n\n\n<div class=\"wp-block-group\"><div class=\"wp-block-group__inner-container is-layout-flow wp-block-group-is-layout-flow\">\n<div class=\"wp-block-file\"><a href=\"https:\/\/hollandtyre.eu\/wp-content\/uploads\/2021\/01\/Algemene-voorwaarden-zakelijke-markt-VACO-Franstalig-.pdf\" target=\"_blank\" rel=\"noreferrer noopener\"> Conditions g\u00e9n\u00e9rales de l\u2019association VACO  <\/a><a href=\"https:\/\/hollandtyre.eu\/wp-content\/uploads\/2021\/01\/Algemene-voorwaarden-zakelijke-markt-VACO-Franstalig-.pdf\" class=\"wp-block-file__button\" download>Download<\/a><\/div>\n<\/div><\/div>\n\n\n\n<h3 class=\"wp-block-heading\">Conditions de livraison suppl\u00e9mentaires<\/h3>\n\n\n\n<div class=\"wp-block-group\"><div class=\"wp-block-group__inner-container is-layout-flow wp-block-group-is-layout-flow\">\n<div class=\"wp-block-file\"><a href=\"https:\/\/hollandtyre.eu\/wp-content\/uploads\/2021\/01\/Aanvullende-levervoorwaarden-FR.pdf\" target=\"_blank\" rel=\"noreferrer noopener\">Conditions de livraison suppl\u00e9mentaires<\/a><a href=\"https:\/\/hollandtyre.eu\/wp-content\/uploads\/2021\/01\/Aanvullende-levervoorwaarden-FR.pdf\" class=\"wp-block-file__button\" download>Download<\/a><\/div>\n<\/div><\/div>\n\n\n\n<h3 class=\"wp-block-heading\">Confidentialit\u00e9 et cookies<\/h3>\n\n\n\n<div class=\"wp-block-group\"><div class=\"wp-block-group__inner-container is-layout-flow wp-block-group-is-layout-flow\">\n<div class=\"wp-block-file\"><a href=\"https:\/\/hollandtyre.eu\/wp-content\/uploads\/2021\/03\/Privacy-en-cookieverklaring-Holland-Tyre-ENG-.pdf\" target=\"_blank\" rel=\"noreferrer noopener\"> Confidentialit\u00e9 et cookies Holland Tyre &#8211; Anglais<\/a><a href=\"https:\/\/hollandtyre.eu\/wp-content\/uploads\/2021\/03\/Privacy-en-cookieverklaring-Holland-Tyre-ENG-.pdf\" class=\"wp-block-file__button\" download>Download<\/a><\/div>\n<\/div><\/div>\n\n\n\n<h3 class=\"wp-block-heading\"> Clause de non-responsabilit\u00e9 <\/h3>\n\n\n\n<div class=\"wp-block-group\"><div class=\"wp-block-group__inner-container is-layout-flow wp-block-group-is-layout-flow\">\n<div class=\"wp-block-file\"><a href=\"https:\/\/hollandtyre.eu\/wp-content\/uploads\/2021\/01\/Disclaimer-FR.pdf\" target=\"_blank\" rel=\"noreferrer noopener\">Clause de non-responsabilit\u00e9<\/a><a href=\"https:\/\/hollandtyre.eu\/wp-content\/uploads\/2021\/01\/Disclaimer-FR.pdf\" class=\"wp-block-file__button\" download>Download<\/a><\/div>\n<\/div><\/div>\n\n\n\n<div style=\"height:50px\" aria-hidden=\"true\" class=\"wp-block-spacer\"><\/div>\n","protected":false},"excerpt":{"rendered":"<p>Conditions g\u00e9n\u00e9rales de l\u2019association VACO march\u00e9 professionnel Conditions de livraison suppl\u00e9mentaires Confidentialit\u00e9 et cookies Clause de non-responsabilit\u00e9<\/p>\n","protected":false},"author":1,"featured_media":0,"parent":0,"menu_order":0,"comment_status":"closed","ping_status":"closed","template":"","meta":{"inline_featured_image":false,"footnotes":""},"class_list":["post-5836","page","type-page","status-publish","hentry"],"yoast_head":"<!-- This site is optimized with the Yoast SEO plugin v27.3 - https:\/\/yoast.com\/product\/yoast-seo-wordpress\/ -->\n<title>Termes et conditions - HollandTyre<\/title>\n<meta name=\"robots\" content=\"index, follow, max-snippet:-1, max-image-preview:large, max-video-preview:-1\" \/>\n<link rel=\"canonical\" href=\"https:\/\/hollandtyre.eu\/fr\/termes-et-conditions\/\" \/>\n<meta property=\"og:locale\" content=\"fr_FR\" \/>\n<meta property=\"og:type\" content=\"article\" \/>\n<meta property=\"og:title\" content=\"Termes et conditions - HollandTyre\" \/>\n<meta property=\"og:description\" content=\"Conditions g\u00e9n\u00e9rales de l\u2019association VACO march\u00e9 professionnel Conditions de livraison suppl\u00e9mentaires Confidentialit\u00e9 et cookies Clause de non-responsabilit\u00e9\" \/>\n<meta property=\"og:url\" content=\"https:\/\/hollandtyre.eu\/fr\/termes-et-conditions\/\" \/>\n<meta property=\"og:site_name\" content=\"HollandTyre\" \/>\n<meta property=\"article:modified_time\" content=\"2021-07-02T07:17:38+00:00\" \/>\n<meta name=\"twitter:card\" content=\"summary_large_image\" \/>\n<script type=\"application\/ld+json\" class=\"yoast-schema-graph\">{\"@context\":\"https:\\\/\\\/schema.org\",\"@graph\":[{\"@type\":\"WebPage\",\"@id\":\"https:\\\/\\\/hollandtyre.eu\\\/fr\\\/termes-et-conditions\\\/\",\"url\":\"https:\\\/\\\/hollandtyre.eu\\\/fr\\\/termes-et-conditions\\\/\",\"name\":\"Termes et conditions - HollandTyre\",\"isPartOf\":{\"@id\":\"https:\\\/\\\/hollandtyre.eu\\\/fr\\\/#website\"},\"datePublished\":\"2020-12-02T09:37:41+00:00\",\"dateModified\":\"2021-07-02T07:17:38+00:00\",\"breadcrumb\":{\"@id\":\"https:\\\/\\\/hollandtyre.eu\\\/fr\\\/termes-et-conditions\\\/#breadcrumb\"},\"inLanguage\":\"fr-FR\",\"potentialAction\":[{\"@type\":\"ReadAction\",\"target\":[\"https:\\\/\\\/hollandtyre.eu\\\/fr\\\/termes-et-conditions\\\/\"]}]},{\"@type\":\"BreadcrumbList\",\"@id\":\"https:\\\/\\\/hollandtyre.eu\\\/fr\\\/termes-et-conditions\\\/#breadcrumb\",\"itemListElement\":[{\"@type\":\"ListItem\",\"position\":1,\"name\":\"Home\",\"item\":\"https:\\\/\\\/hollandtyre.eu\\\/fr\\\/\"},{\"@type\":\"ListItem\",\"position\":2,\"name\":\"Termes et conditions\"}]},{\"@type\":\"WebSite\",\"@id\":\"https:\\\/\\\/hollandtyre.eu\\\/fr\\\/#website\",\"url\":\"https:\\\/\\\/hollandtyre.eu\\\/fr\\\/\",\"name\":\"HollandTyre\",\"description\":\"\",\"potentialAction\":[{\"@type\":\"SearchAction\",\"target\":{\"@type\":\"EntryPoint\",\"urlTemplate\":\"https:\\\/\\\/hollandtyre.eu\\\/fr\\\/?s={search_term_string}\"},\"query-input\":{\"@type\":\"PropertyValueSpecification\",\"valueRequired\":true,\"valueName\":\"search_term_string\"}}],\"inLanguage\":\"fr-FR\"}]}<\/script>\n<!-- \/ Yoast SEO plugin. -->","yoast_head_json":{"title":"Termes et conditions - HollandTyre","robots":{"index":"index","follow":"follow","max-snippet":"max-snippet:-1","max-image-preview":"max-image-preview:large","max-video-preview":"max-video-preview:-1"},"canonical":"https:\/\/hollandtyre.eu\/fr\/termes-et-conditions\/","og_locale":"fr_FR","og_type":"article","og_title":"Termes et conditions - HollandTyre","og_description":"Conditions g\u00e9n\u00e9rales de l\u2019association VACO march\u00e9 professionnel Conditions de livraison suppl\u00e9mentaires Confidentialit\u00e9 et cookies Clause de non-responsabilit\u00e9","og_url":"https:\/\/hollandtyre.eu\/fr\/termes-et-conditions\/","og_site_name":"HollandTyre","article_modified_time":"2021-07-02T07:17:38+00:00","twitter_card":"summary_large_image","schema":{"@context":"https:\/\/schema.org","@graph":[{"@type":"WebPage","@id":"https:\/\/hollandtyre.eu\/fr\/termes-et-conditions\/","url":"https:\/\/hollandtyre.eu\/fr\/termes-et-conditions\/","name":"Termes et conditions - HollandTyre","isPartOf":{"@id":"https:\/\/hollandtyre.eu\/fr\/#website"},"datePublished":"2020-12-02T09:37:41+00:00","dateModified":"2021-07-02T07:17:38+00:00","breadcrumb":{"@id":"https:\/\/hollandtyre.eu\/fr\/termes-et-conditions\/#breadcrumb"},"inLanguage":"fr-FR","potentialAction":[{"@type":"ReadAction","target":["https:\/\/hollandtyre.eu\/fr\/termes-et-conditions\/"]}]},{"@type":"BreadcrumbList","@id":"https:\/\/hollandtyre.eu\/fr\/termes-et-conditions\/#breadcrumb","itemListElement":[{"@type":"ListItem","position":1,"name":"Home","item":"https:\/\/hollandtyre.eu\/fr\/"},{"@type":"ListItem","position":2,"name":"Termes et conditions"}]},{"@type":"WebSite","@id":"https:\/\/hollandtyre.eu\/fr\/#website","url":"https:\/\/hollandtyre.eu\/fr\/","name":"HollandTyre","description":"","potentialAction":[{"@type":"SearchAction","target":{"@type":"EntryPoint","urlTemplate":"https:\/\/hollandtyre.eu\/fr\/?s={search_term_string}"},"query-input":{"@type":"PropertyValueSpecification","valueRequired":true,"valueName":"search_term_string"}}],"inLanguage":"fr-FR"}]}},"acf":[],"_links":{"self":[{"href":"https:\/\/hollandtyre.eu\/fr\/wp-json\/wp\/v2\/pages\/5836","targetHints":{"allow":["GET"]}}],"collection":[{"href":"https:\/\/hollandtyre.eu\/fr\/wp-json\/wp\/v2\/pages"}],"about":[{"href":"https:\/\/hollandtyre.eu\/fr\/wp-json\/wp\/v2\/types\/page"}],"author":[{"embeddable":true,"href":"https:\/\/hollandtyre.eu\/fr\/wp-json\/wp\/v2\/users\/1"}],"replies":[{"embeddable":true,"href":"https:\/\/hollandtyre.eu\/fr\/wp-json\/wp\/v2\/comments?post=5836"}],"version-history":[{"count":11,"href":"https:\/\/hollandtyre.eu\/fr\/wp-json\/wp\/v2\/pages\/5836\/revisions"}],"predecessor-version":[{"id":13738,"href":"https:\/\/hollandtyre.eu\/fr\/wp-json\/wp\/v2\/pages\/5836\/revisions\/13738"}],"wp:attachment":[{"href":"https:\/\/hollandtyre.eu\/fr\/wp-json\/wp\/v2\/media?parent=5836"}],"curies":[{"name":"wp","href":"https:\/\/api.w.org\/{rel}","templated":true}]}}