{"id":5861,"date":"2019-10-29T10:38:15","date_gmt":"2019-10-29T09:38:15","guid":{"rendered":"https:\/\/htstage.kibohost.com\/ueber-uns\/"},"modified":"2022-05-23T13:55:03","modified_gmt":"2022-05-23T11:55:03","slug":"over-ons","status":"publish","type":"page","link":"https:\/\/hollandtyre.eu\/de\/over-ons\/","title":{"rendered":"\u00dcber uns"},"content":{"rendered":"\n<p>Holland Tyre, der Gro\u00dfh\u00e4ndler f\u00fcr Reifen und Felgen. In unserem Lager von\n15.000 m\u00b2 haben wir viele Marken und Gr\u00f6\u00dfen, so dass wir eine schnelle\nLieferung garantieren k\u00f6nnen.\n\nWir sind spezialisiert auf\ndie Bereiche Landwirtschaft, Erdbau, Landschafts- und Gartenbau, Industrie und\nHafen. Mit unserem Fachwissen aus jahrelanger Erfahrung helfen wir Ihnen gerne,\n<strong>die beste Reifenl\u00f6sung<\/strong> zu finden!\n\n\n\n<\/p>\n","protected":false},"excerpt":{"rendered":"<p>Holland Tyre, der Gro\u00dfh\u00e4ndler f\u00fcr Reifen und Felgen. In unserem Lager von 15.000 m\u00b2 haben wir viele Marken und Gr\u00f6\u00dfen, so dass wir eine schnelle Lieferung garantieren k\u00f6nnen. Wir sind spezialisiert auf die Bereiche Landwirtschaft, Erdbau, Landschafts- und Gartenbau, Industrie und Hafen. Mit unserem Fachwissen aus jahrelanger Erfahrung helfen wir Ihnen gerne, die beste Reifenl\u00f6sung [&hellip;]<\/p>\n","protected":false},"author":1,"featured_media":0,"parent":0,"menu_order":0,"comment_status":"closed","ping_status":"closed","template":"","meta":{"inline_featured_image":false,"footnotes":""},"class_list":["post-5861","page","type-page","status-publish","hentry"],"yoast_head":"<!-- This site is optimized with the Yoast SEO plugin v27.3 - https:\/\/yoast.com\/product\/yoast-seo-wordpress\/ -->\n<title>\u00dcber uns - HollandTyre<\/title>\n<meta name=\"robots\" content=\"index, follow, max-snippet:-1, max-image-preview:large, max-video-preview:-1\" \/>\n<link rel=\"canonical\" href=\"https:\/\/hollandtyre.eu\/de\/over-ons\/\" \/>\n<meta property=\"og:locale\" content=\"de_DE\" \/>\n<meta property=\"og:type\" content=\"article\" \/>\n<meta property=\"og:title\" content=\"\u00dcber uns - HollandTyre\" \/>\n<meta property=\"og:description\" content=\"Holland Tyre, der Gro\u00dfh\u00e4ndler f\u00fcr Reifen und Felgen. In unserem Lager von 15.000 m\u00b2 haben wir viele Marken und Gr\u00f6\u00dfen, so dass wir eine schnelle Lieferung garantieren k\u00f6nnen. Wir sind spezialisiert auf die Bereiche Landwirtschaft, Erdbau, Landschafts- und Gartenbau, Industrie und Hafen. Mit unserem Fachwissen aus jahrelanger Erfahrung helfen wir Ihnen gerne, die beste Reifenl\u00f6sung [&hellip;]\" \/>\n<meta property=\"og:url\" content=\"https:\/\/hollandtyre.eu\/de\/over-ons\/\" \/>\n<meta property=\"og:site_name\" content=\"HollandTyre\" \/>\n<meta property=\"article:modified_time\" content=\"2022-05-23T11:55:03+00:00\" \/>\n<meta name=\"twitter:card\" content=\"summary_large_image\" \/>\n<script type=\"application\/ld+json\" class=\"yoast-schema-graph\">{\"@context\":\"https:\\\/\\\/schema.org\",\"@graph\":[{\"@type\":\"WebPage\",\"@id\":\"https:\\\/\\\/hollandtyre.eu\\\/de\\\/over-ons\\\/\",\"url\":\"https:\\\/\\\/hollandtyre.eu\\\/de\\\/over-ons\\\/\",\"name\":\"\u00dcber uns - HollandTyre\",\"isPartOf\":{\"@id\":\"https:\\\/\\\/hollandtyre.eu\\\/de\\\/#website\"},\"datePublished\":\"2019-10-29T09:38:15+00:00\",\"dateModified\":\"2022-05-23T11:55:03+00:00\",\"breadcrumb\":{\"@id\":\"https:\\\/\\\/hollandtyre.eu\\\/de\\\/over-ons\\\/#breadcrumb\"},\"inLanguage\":\"de\",\"potentialAction\":[{\"@type\":\"ReadAction\",\"target\":[\"https:\\\/\\\/hollandtyre.eu\\\/de\\\/over-ons\\\/\"]}]},{\"@type\":\"BreadcrumbList\",\"@id\":\"https:\\\/\\\/hollandtyre.eu\\\/de\\\/over-ons\\\/#breadcrumb\",\"itemListElement\":[{\"@type\":\"ListItem\",\"position\":1,\"name\":\"Home\",\"item\":\"https:\\\/\\\/hollandtyre.eu\\\/de\\\/\"},{\"@type\":\"ListItem\",\"position\":2,\"name\":\"\u00dcber uns\"}]},{\"@type\":\"WebSite\",\"@id\":\"https:\\\/\\\/hollandtyre.eu\\\/de\\\/#website\",\"url\":\"https:\\\/\\\/hollandtyre.eu\\\/de\\\/\",\"name\":\"HollandTyre\",\"description\":\"\",\"potentialAction\":[{\"@type\":\"SearchAction\",\"target\":{\"@type\":\"EntryPoint\",\"urlTemplate\":\"https:\\\/\\\/hollandtyre.eu\\\/de\\\/?s={search_term_string}\"},\"query-input\":{\"@type\":\"PropertyValueSpecification\",\"valueRequired\":true,\"valueName\":\"search_term_string\"}}],\"inLanguage\":\"de\"}]}<\/script>\n<!-- \/ Yoast SEO plugin. -->","yoast_head_json":{"title":"\u00dcber uns - HollandTyre","robots":{"index":"index","follow":"follow","max-snippet":"max-snippet:-1","max-image-preview":"max-image-preview:large","max-video-preview":"max-video-preview:-1"},"canonical":"https:\/\/hollandtyre.eu\/de\/over-ons\/","og_locale":"de_DE","og_type":"article","og_title":"\u00dcber uns - HollandTyre","og_description":"Holland Tyre, der Gro\u00dfh\u00e4ndler f\u00fcr Reifen und Felgen. In unserem Lager von 15.000 m\u00b2 haben wir viele Marken und Gr\u00f6\u00dfen, so dass wir eine schnelle Lieferung garantieren k\u00f6nnen. Wir sind spezialisiert auf die Bereiche Landwirtschaft, Erdbau, Landschafts- und Gartenbau, Industrie und Hafen. Mit unserem Fachwissen aus jahrelanger Erfahrung helfen wir Ihnen gerne, die beste Reifenl\u00f6sung [&hellip;]","og_url":"https:\/\/hollandtyre.eu\/de\/over-ons\/","og_site_name":"HollandTyre","article_modified_time":"2022-05-23T11:55:03+00:00","twitter_card":"summary_large_image","schema":{"@context":"https:\/\/schema.org","@graph":[{"@type":"WebPage","@id":"https:\/\/hollandtyre.eu\/de\/over-ons\/","url":"https:\/\/hollandtyre.eu\/de\/over-ons\/","name":"\u00dcber uns - HollandTyre","isPartOf":{"@id":"https:\/\/hollandtyre.eu\/de\/#website"},"datePublished":"2019-10-29T09:38:15+00:00","dateModified":"2022-05-23T11:55:03+00:00","breadcrumb":{"@id":"https:\/\/hollandtyre.eu\/de\/over-ons\/#breadcrumb"},"inLanguage":"de","potentialAction":[{"@type":"ReadAction","target":["https:\/\/hollandtyre.eu\/de\/over-ons\/"]}]},{"@type":"BreadcrumbList","@id":"https:\/\/hollandtyre.eu\/de\/over-ons\/#breadcrumb","itemListElement":[{"@type":"ListItem","position":1,"name":"Home","item":"https:\/\/hollandtyre.eu\/de\/"},{"@type":"ListItem","position":2,"name":"\u00dcber uns"}]},{"@type":"WebSite","@id":"https:\/\/hollandtyre.eu\/de\/#website","url":"https:\/\/hollandtyre.eu\/de\/","name":"HollandTyre","description":"","potentialAction":[{"@type":"SearchAction","target":{"@type":"EntryPoint","urlTemplate":"https:\/\/hollandtyre.eu\/de\/?s={search_term_string}"},"query-input":{"@type":"PropertyValueSpecification","valueRequired":true,"valueName":"search_term_string"}}],"inLanguage":"de"}]}},"acf":[],"_links":{"self":[{"href":"https:\/\/hollandtyre.eu\/de\/wp-json\/wp\/v2\/pages\/5861","targetHints":{"allow":["GET"]}}],"collection":[{"href":"https:\/\/hollandtyre.eu\/de\/wp-json\/wp\/v2\/pages"}],"about":[{"href":"https:\/\/hollandtyre.eu\/de\/wp-json\/wp\/v2\/types\/page"}],"author":[{"embeddable":true,"href":"https:\/\/hollandtyre.eu\/de\/wp-json\/wp\/v2\/users\/1"}],"replies":[{"embeddable":true,"href":"https:\/\/hollandtyre.eu\/de\/wp-json\/wp\/v2\/comments?post=5861"}],"version-history":[{"count":5,"href":"https:\/\/hollandtyre.eu\/de\/wp-json\/wp\/v2\/pages\/5861\/revisions"}],"predecessor-version":[{"id":13450,"href":"https:\/\/hollandtyre.eu\/de\/wp-json\/wp\/v2\/pages\/5861\/revisions\/13450"}],"wp:attachment":[{"href":"https:\/\/hollandtyre.eu\/de\/wp-json\/wp\/v2\/media?parent=5861"}],"curies":[{"name":"wp","href":"https:\/\/api.w.org\/{rel}","templated":true}]}}