{"id":5840,"date":"2020-12-02T10:38:53","date_gmt":"2020-12-02T09:38:53","guid":{"rendered":"https:\/\/htstage.kibohost.com\/haftungsausschluss\/"},"modified":"2021-04-16T13:36:46","modified_gmt":"2021-04-16T11:36:46","slug":"haftungsausschluss","status":"publish","type":"page","link":"https:\/\/hollandtyre.eu\/de\/haftungsausschluss\/","title":{"rendered":"Haftungsausschluss"},"content":{"rendered":"\n<p>Die Bedingungen dieses Haftungsausschlusses gelten f\u00fcr diese Website www.hollandtyre.eu.&nbsp;<\/p>\n\n\n\n<p>Durch den Besuch dieser Website und \/ oder die Verwendung der auf oder \u00fcber diese Website bereitgestellten Informationen stimmen Sie der Anwendbarkeit dieses Haftungsausschlusses zu. Im Falle eines Widerspruchs zwischen den Bedingungen bestimmter \u00fcber diese Website bestellter Produkte und Dienstleistungen und diesem Haftungsausschluss haben die Bedingungen dieser Produkte und Dienstleistungen Vorrang.&nbsp;<\/p>\n\n\n\n<h2 class=\"wp-block-heading\"><strong>Nutzung der Holland Tyre-Website&nbsp;<\/strong><\/h2>\n\n\n\n<p>Die Informationen auf dieser Website dienen nur der allgemeinen Information. Aus den Informationen auf dieser Website k\u00f6nnen keine Rechte abgeleitet werden. Obwohl Holland Tyre sich um die Erstellung und Pflege dieser Website k\u00fcmmert und Quellen verwendet, k\u00f6nnen sie die Richtigkeit, Vollst\u00e4ndigkeit und Aktualit\u00e4t der bereitgestellten Informationen nicht garantieren. Holland Tyre garantiert auch nicht, dass die Website einwandfrei oder ununterbrochen funktioniert. Holland Tyre lehnt ausdr\u00fccklich jede Haftung in Bezug auf die Richtigkeit, Vollst\u00e4ndigkeit, Aktualit\u00e4t der bereitgestellten Informationen und die (ungest\u00f6rte) Nutzung dieser Website ab.&nbsp;<\/p>\n\n\n\n<h2 class=\"wp-block-heading\"><strong>Informationen von Dritten, Produkten und Dienstleistungen&nbsp;<\/strong><\/h2>\n\n\n\n<p>Wenn der Holland Tyre Links zu Websites Dritter anzeigt, bedeutet dies nicht, dass die auf oder \u00fcber diese Websites angebotenen Produkte oder Dienstleistungen von diesen empfohlen werden. Holland Tyre \u00fcbernimmt keine Haftung und keine Verantwortung f\u00fcr den Inhalt, die Nutzung oder die Verf\u00fcgbarkeit von Websites, auf die verwiesen wird oder auf die verwiesen wird. Die Verwendung solcher Links erfolgt auf eigenes Risiko. Die Informationen auf solchen Websites wurden von Holland Tyre nicht weiter auf Richtigkeit, Angemessenheit, Aktualit\u00e4t oder Vollst\u00e4ndigkeit gepr\u00fcft.&nbsp;<\/p>\n\n\n\n<h2 class=\"wp-block-heading\"><strong>Informationen verwenden&nbsp;<\/strong><\/h2>\n\n\n\n<p>Holland Tyre beh\u00e4lt sich alle Rechte an geistigem Eigentum und andere Rechte in Bezug auf alle auf oder \u00fcber diese Website angebotenen Informationen vor (einschlie\u00dflich aller Texte, Grafiken und Logos). Ohne die vorherige schriftliche Zustimmung von Holland Tyre oder die rechtm\u00e4\u00dfige Zustimmung des Eigent\u00fcmers ist es nicht gestattet, Informationen auf dieser Website zu kopieren, herunterzuladen oder in irgendeiner Weise zu ver\u00f6ffentlichen, zu verbreiten oder zu reproduzieren. Sie k\u00f6nnen Informationen auf dieser Website f\u00fcr Ihren pers\u00f6nlichen Gebrauch ausdrucken und \/ oder herunterladen.&nbsp;<\/p>\n\n\n\n<h2 class=\"wp-block-heading\"><strong>\u00c4nderungen&nbsp;<\/strong><\/h2>\n\n\n\n<p>Holland Tyre beh\u00e4lt sich das Recht vor, die auf oder \u00fcber diese Website bereitgestellten Informationen, einschlie\u00dflich des Textes dieses Haftungsausschlusses, jederzeit ohne weitere Ank\u00fcndigung zu \u00e4ndern. Es wird empfohlen, regelm\u00e4\u00dfig zu \u00fcberpr\u00fcfen, ob die auf oder \u00fcber diese Website bereitgestellten Informationen, einschlie\u00dflich des Textes dieses Haftungsausschlusses, ge\u00e4ndert wurden.&nbsp;<\/p>\n\n\n\n<h2 class=\"wp-block-heading\"><strong>Anwendbares Recht&nbsp;<\/strong><\/h2>\n\n\n\n<p>F\u00fcr diese Website und den Haftungsausschluss gilt niederl\u00e4ndisches Recht. Alle Streitigkeiten aus oder im Zusammenhang mit diesem Haftungsausschluss werden ausschlie\u00dflich dem zust\u00e4ndigen Gericht in den Niederlanden vorgelegt.&nbsp;<\/p>\n","protected":false},"excerpt":{"rendered":"<p>Die Bedingungen dieses Haftungsausschlusses gelten f\u00fcr diese Website www.hollandtyre.eu.&nbsp; Durch den Besuch dieser Website und \/ oder die Verwendung der auf oder \u00fcber diese Website bereitgestellten Informationen stimmen Sie der Anwendbarkeit dieses Haftungsausschlusses zu. Im Falle eines Widerspruchs zwischen den Bedingungen bestimmter \u00fcber diese Website bestellter Produkte und Dienstleistungen und diesem Haftungsausschluss haben die Bedingungen [&hellip;]<\/p>\n","protected":false},"author":1,"featured_media":0,"parent":0,"menu_order":0,"comment_status":"closed","ping_status":"closed","template":"","meta":{"inline_featured_image":false,"footnotes":""},"class_list":["post-5840","page","type-page","status-publish","hentry"],"yoast_head":"<!-- This site is optimized with the Yoast SEO plugin v27.3 - https:\/\/yoast.com\/product\/yoast-seo-wordpress\/ -->\n<title>Haftungsausschluss - HollandTyre<\/title>\n<meta name=\"robots\" content=\"index, follow, max-snippet:-1, max-image-preview:large, max-video-preview:-1\" \/>\n<link rel=\"canonical\" href=\"https:\/\/hollandtyre.eu\/de\/haftungsausschluss\/\" \/>\n<meta property=\"og:locale\" content=\"de_DE\" \/>\n<meta property=\"og:type\" content=\"article\" \/>\n<meta property=\"og:title\" content=\"Haftungsausschluss - HollandTyre\" \/>\n<meta property=\"og:description\" content=\"Die Bedingungen dieses Haftungsausschlusses gelten f\u00fcr diese Website www.hollandtyre.eu.&nbsp; Durch den Besuch dieser Website und \/ oder die Verwendung der auf oder \u00fcber diese Website bereitgestellten Informationen stimmen Sie der Anwendbarkeit dieses Haftungsausschlusses zu. Im Falle eines Widerspruchs zwischen den Bedingungen bestimmter \u00fcber diese Website bestellter Produkte und Dienstleistungen und diesem Haftungsausschluss haben die Bedingungen [&hellip;]\" \/>\n<meta property=\"og:url\" content=\"https:\/\/hollandtyre.eu\/de\/haftungsausschluss\/\" \/>\n<meta property=\"og:site_name\" content=\"HollandTyre\" \/>\n<meta property=\"article:modified_time\" content=\"2021-04-16T11:36:46+00:00\" \/>\n<meta name=\"twitter:card\" content=\"summary_large_image\" \/>\n<meta name=\"twitter:label1\" content=\"Gesch\u00e4tzte Lesezeit\" \/>\n\t<meta name=\"twitter:data1\" content=\"2\u00a0Minuten\" \/>\n<script type=\"application\/ld+json\" class=\"yoast-schema-graph\">{\"@context\":\"https:\\\/\\\/schema.org\",\"@graph\":[{\"@type\":\"WebPage\",\"@id\":\"https:\\\/\\\/hollandtyre.eu\\\/de\\\/haftungsausschluss\\\/\",\"url\":\"https:\\\/\\\/hollandtyre.eu\\\/de\\\/haftungsausschluss\\\/\",\"name\":\"Haftungsausschluss - HollandTyre\",\"isPartOf\":{\"@id\":\"https:\\\/\\\/hollandtyre.eu\\\/de\\\/#website\"},\"datePublished\":\"2020-12-02T09:38:53+00:00\",\"dateModified\":\"2021-04-16T11:36:46+00:00\",\"breadcrumb\":{\"@id\":\"https:\\\/\\\/hollandtyre.eu\\\/de\\\/haftungsausschluss\\\/#breadcrumb\"},\"inLanguage\":\"de\",\"potentialAction\":[{\"@type\":\"ReadAction\",\"target\":[\"https:\\\/\\\/hollandtyre.eu\\\/de\\\/haftungsausschluss\\\/\"]}]},{\"@type\":\"BreadcrumbList\",\"@id\":\"https:\\\/\\\/hollandtyre.eu\\\/de\\\/haftungsausschluss\\\/#breadcrumb\",\"itemListElement\":[{\"@type\":\"ListItem\",\"position\":1,\"name\":\"Home\",\"item\":\"https:\\\/\\\/hollandtyre.eu\\\/de\\\/\"},{\"@type\":\"ListItem\",\"position\":2,\"name\":\"Haftungsausschluss\"}]},{\"@type\":\"WebSite\",\"@id\":\"https:\\\/\\\/hollandtyre.eu\\\/de\\\/#website\",\"url\":\"https:\\\/\\\/hollandtyre.eu\\\/de\\\/\",\"name\":\"HollandTyre\",\"description\":\"\",\"potentialAction\":[{\"@type\":\"SearchAction\",\"target\":{\"@type\":\"EntryPoint\",\"urlTemplate\":\"https:\\\/\\\/hollandtyre.eu\\\/de\\\/?s={search_term_string}\"},\"query-input\":{\"@type\":\"PropertyValueSpecification\",\"valueRequired\":true,\"valueName\":\"search_term_string\"}}],\"inLanguage\":\"de\"}]}<\/script>\n<!-- \/ Yoast SEO plugin. -->","yoast_head_json":{"title":"Haftungsausschluss - HollandTyre","robots":{"index":"index","follow":"follow","max-snippet":"max-snippet:-1","max-image-preview":"max-image-preview:large","max-video-preview":"max-video-preview:-1"},"canonical":"https:\/\/hollandtyre.eu\/de\/haftungsausschluss\/","og_locale":"de_DE","og_type":"article","og_title":"Haftungsausschluss - HollandTyre","og_description":"Die Bedingungen dieses Haftungsausschlusses gelten f\u00fcr diese Website www.hollandtyre.eu.&nbsp; Durch den Besuch dieser Website und \/ oder die Verwendung der auf oder \u00fcber diese Website bereitgestellten Informationen stimmen Sie der Anwendbarkeit dieses Haftungsausschlusses zu. Im Falle eines Widerspruchs zwischen den Bedingungen bestimmter \u00fcber diese Website bestellter Produkte und Dienstleistungen und diesem Haftungsausschluss haben die Bedingungen [&hellip;]","og_url":"https:\/\/hollandtyre.eu\/de\/haftungsausschluss\/","og_site_name":"HollandTyre","article_modified_time":"2021-04-16T11:36:46+00:00","twitter_card":"summary_large_image","twitter_misc":{"Gesch\u00e4tzte Lesezeit":"2\u00a0Minuten"},"schema":{"@context":"https:\/\/schema.org","@graph":[{"@type":"WebPage","@id":"https:\/\/hollandtyre.eu\/de\/haftungsausschluss\/","url":"https:\/\/hollandtyre.eu\/de\/haftungsausschluss\/","name":"Haftungsausschluss - HollandTyre","isPartOf":{"@id":"https:\/\/hollandtyre.eu\/de\/#website"},"datePublished":"2020-12-02T09:38:53+00:00","dateModified":"2021-04-16T11:36:46+00:00","breadcrumb":{"@id":"https:\/\/hollandtyre.eu\/de\/haftungsausschluss\/#breadcrumb"},"inLanguage":"de","potentialAction":[{"@type":"ReadAction","target":["https:\/\/hollandtyre.eu\/de\/haftungsausschluss\/"]}]},{"@type":"BreadcrumbList","@id":"https:\/\/hollandtyre.eu\/de\/haftungsausschluss\/#breadcrumb","itemListElement":[{"@type":"ListItem","position":1,"name":"Home","item":"https:\/\/hollandtyre.eu\/de\/"},{"@type":"ListItem","position":2,"name":"Haftungsausschluss"}]},{"@type":"WebSite","@id":"https:\/\/hollandtyre.eu\/de\/#website","url":"https:\/\/hollandtyre.eu\/de\/","name":"HollandTyre","description":"","potentialAction":[{"@type":"SearchAction","target":{"@type":"EntryPoint","urlTemplate":"https:\/\/hollandtyre.eu\/de\/?s={search_term_string}"},"query-input":{"@type":"PropertyValueSpecification","valueRequired":true,"valueName":"search_term_string"}}],"inLanguage":"de"}]}},"acf":[],"_links":{"self":[{"href":"https:\/\/hollandtyre.eu\/de\/wp-json\/wp\/v2\/pages\/5840","targetHints":{"allow":["GET"]}}],"collection":[{"href":"https:\/\/hollandtyre.eu\/de\/wp-json\/wp\/v2\/pages"}],"about":[{"href":"https:\/\/hollandtyre.eu\/de\/wp-json\/wp\/v2\/types\/page"}],"author":[{"embeddable":true,"href":"https:\/\/hollandtyre.eu\/de\/wp-json\/wp\/v2\/users\/1"}],"replies":[{"embeddable":true,"href":"https:\/\/hollandtyre.eu\/de\/wp-json\/wp\/v2\/comments?post=5840"}],"version-history":[{"count":1,"href":"https:\/\/hollandtyre.eu\/de\/wp-json\/wp\/v2\/pages\/5840\/revisions"}],"predecessor-version":[{"id":6987,"href":"https:\/\/hollandtyre.eu\/de\/wp-json\/wp\/v2\/pages\/5840\/revisions\/6987"}],"wp:attachment":[{"href":"https:\/\/hollandtyre.eu\/de\/wp-json\/wp\/v2\/media?parent=5840"}],"curies":[{"name":"wp","href":"https:\/\/api.w.org\/{rel}","templated":true}]}}